{"id":1005,"date":"2020-01-18T17:34:53","date_gmt":"2020-01-18T15:34:53","guid":{"rendered":"http:\/\/ubl-leinach.de\/ublog\/?page_id=1005"},"modified":"2025-10-14T17:35:42","modified_gmt":"2025-10-14T16:35:42","slug":"historie","status":"publish","type":"page","link":"https:\/\/ubl-leinach.de\/ublog\/historie\/","title":{"rendered":"Historie"},"content":{"rendered":"\n<figure class=\"wp-block-table\"><table><thead><tr><th>Datum<\/th><th>Ereignis<\/th><\/tr><\/thead><tbody><tr><td>13.12.1995<\/td><td>Nominierungsversammlung im Gasthaus Lamm<\/td><\/tr><tr><td>27.02.1996<\/td><td>Wahlveranstaltung der UBL im Sportheim der Spvgg Leinach<\/td><\/tr><tr><td>05.03.1996<\/td><td>Wahlveranstaltung der UBL im Sch\u00fctzenhaus<\/td><\/tr><tr><td>10.03.1996<\/td><td>Kommunalwahl &#8211; die UBL erringt auf Anhieb zwei Gemeinderatspl\u00e4tze<\/td><\/tr><tr><td>20.11.1996<\/td><td>Antrag der UBL an die Gemeinde Leinach betreffend der Kontaktaufnahme zu einer Partnergemeinde in Frankreich<\/td><\/tr><tr><td>22.02.1997<\/td><td>Geburtstagsfeier der UBL im Sch\u00fctzenhaus<\/td><\/tr><tr><td>08.12.1997<\/td><td>Gr\u00fcndungsversammlung mit Schaffung der formellen Voraussetzungen zur Gr\u00fcndung eines Vereins<\/td><\/tr><tr><td>M\u00e4rz 1998<\/td><td>Umfrage der UBL zur Einrichtung eines Lebensmittelmarktes<\/td><\/tr><tr><td>21.03.1999<\/td><td>Erweiterung des Rundwanderwegnetzes mit Einweihung des Wanderwegs <a href=\"https:\/\/ubl-leinach.de\/ublog\/wanderweg-weintraube\/\">&#8222;Weintraube&#8220;<\/a><\/td><\/tr><tr><td>seit 1999<\/td><td>j\u00e4hrliche Fr\u00fchjahrs- und\/oder Herbstwanderung<\/td><\/tr><tr><td>03.03.2002<\/td><td>Kommunalwahl &#8211; drei Gemeinder\u00e4te f\u00fcr die UBL<\/td><\/tr><tr><td>17.04.2005<\/td><td>Einweihung des Wanderwegs <a href=\"https:\/\/ubl-leinach.de\/ublog\/panoramaweg-west\/\">&#8222;Panoramaweg-West&#8220;<\/a><\/td><\/tr><tr><td>17.12.2005<\/td><td>Weihnachtsfeier mit Ehrung einiger Mitglieder f\u00fcr 10j\u00e4hrige Mitgliedschaft<\/td><\/tr><tr><td>02.01.2006<\/td><td>Die Homepage <a href=\"http:\/\/www.ubl-leinach.de\">http:\/\/www.ubl-leinach.de<\/a> geht online<\/td><\/tr><tr><td>01.04.2007<\/td><td>Einweihung des Wanderwegs <a href=\"https:\/\/ubl-leinach.de\/ublog\/wanderweg-schwarzkiefer\/\">&#8222;Schwarzkiefer&#8220;<\/a><\/td><\/tr><tr><td>02.03.2008<\/td><td>Kommunalwahl &#8211; f\u00fcnf Gemeinder\u00e4te f\u00fcr die UBL!<\/td><\/tr><tr><td>01.02.2010<\/td><td>Die UBL auf Twitter! <a aria-label=\"http:\/\/twitter.com\/UBLeinach (opens in a new tab)\" href=\"http:\/\/twitter.com\/UBLeinach\" target=\"_blank\" rel=\"noreferrer noopener\">http:\/\/twitter.com\/UBLeinach<\/a> &#8211; wird ab 2025 nicht mehr betrieben<\/td><\/tr><tr><td>17.11.2010<\/td><td>Wechsel des 1. Vorsitzenden &#8211; Michael V\u00e4th folgt auf Dr. Winfried Ueckert<\/td><\/tr><tr><td>27.11.2010<\/td><td>Die UBL auf Facebook! <a aria-label=\"http:\/\/facebook.com\/UBLeinach (opens in a new tab)\" href=\"http:\/\/facebook.com\/UBLeinach\" target=\"_blank\" rel=\"noreferrer noopener\">http:\/\/facebook.com\/UBLeinach<\/a><\/td><\/tr><tr><td>21.04.2013<\/td><td>Einweihung des <a href=\"https:\/\/ubl-leinach.de\/ublog\/quellenweg\/\">&#8222;Quellenwegs&#8220;<\/a><\/td><\/tr><tr><td>16.03.2014<\/td><td>Kommunalwahl &#8211; vier Gemeinder\u00e4te f\u00fcr die UBL!<\/td><\/tr><tr><td>2014-2019<\/td><td>Neben der Fr\u00fchjahrswanderung veranstaltet die UBL dreimal j\u00e4hrlich das Caf\u00e9 Quartal im Sitzungssaal des Dr.-Robert-Kaderschafka-Hauses (wechselnde Termine)<\/td><\/tr><tr><td>18.11.2015<\/td><td>Ehrungen der Gr\u00fcndungsmitglieder f\u00fcr 20 Jahre Mitgliedschaft und zahlreiche weitere Ehrungen f\u00fcr 10 und 15 Jahre Mitgliedschaft im Rahmen der Generalversammlung<\/td><\/tr><tr><td>20.10.2018<\/td><td>richtungsweisender Antrag der UBL f\u00fcr den <a aria-label=\"Neubau eines Kindergartens (opens in a new tab)\" href=\"https:\/\/ubl-leinach.de\/ublog\/antrag-auf-kindergartenneubau\/\" target=\"_blank\" rel=\"noreferrer noopener\">Neubau eines Kindergartens<\/a> bzw. einer KiTa.<\/td><\/tr><tr><td>30.11.2019<\/td><td>Die UBL auf Instagram! <a aria-label=\"http:\/\/instagram.com\/UBLeinach (opens in a new tab)\" href=\"http:\/\/instagram.com\/UBLeinach\" target=\"_blank\" rel=\"noreferrer noopener\">http:\/\/instagram.com\/UBLeinach<\/a><\/td><\/tr><tr><td>2020<\/td><td>Jubil\u00e4umsjahr! 25 Jahre UBL! &#8211; Leider ausgebremst von der Corona-Pandemie<\/td><\/tr><tr><td>23.02.2020<\/td><td>Podcasts der UBL gehen auf Sendung! Zun\u00e4chst auf <a aria-label=\"http:\/\/soundcloud.com\/ubleinach (opens in a new tab)\" href=\"http:\/\/soundcloud.com\/ubleinach\" target=\"_blank\" rel=\"noreferrer noopener\">http:\/\/soundcloud.com\/ubleinach<\/a>, dann auch direkt auf <a aria-label=\"https:\/\/ubl-leinach.de\/ublog\/podcast-2 (opens in a new tab)\" href=\"https:\/\/ubl-leinach.de\/ublog\/podcast-2\" target=\"_blank\" rel=\"noreferrer noopener\">unserer Webseite.<\/a> Ab 2025 auch auf <a href=\"https:\/\/open.spotify.com\/show\/42eRqbSM0u1UC3SfeolEQu\" target=\"_blank\" rel=\"noreferrer noopener\">Spotify<\/a>!<\/td><\/tr><tr><td>15.03.2020<\/td><td>Bei der Kommunalwahl wird die UBL mit 11139 Stimmen erstmals st\u00e4rkste Kraft im Leinacher Gemeinderat und stellt neben sechs Gemeinder\u00e4ten mit Arno Mager auch zum ersten Mal den B\u00fcrgermeister!<\/td><\/tr><tr><td>07.09.2024<\/td><td>1. Bu(e)rger-BBQ der UBL an der Julius-Echter-Kirche<\/td><\/tr><tr><td>2025<\/td><td>1250 Jahre Leinach und 30 Jahre UBL! <br>Nachdem wir aufgrund der Corona-Pandemie unser 25j\u00e4hriges Jubil\u00e4um nicht wie geplant feiern konnten, holen wir das nun im Jahr 2025 nach!<\/td><\/tr><tr><td>06.04.2025<\/td><td>Einweihung des <a href=\"https:\/\/ubl-leinach.de\/ublog\/jubilaeumsweg\/\">&#8222;Jubil\u00e4umsweges&#8220;<\/a><\/td><\/tr><tr><td>18.05.2025<\/td><td>1. Leinacher <a href=\"https:\/\/ubl-leinach.de\/ublog\/retour-sur-le-tournoi-de-petanque\/\">Boule-Turnier<\/a>, ausgerichtet durch die UBL<\/td><\/tr><tr><td>13.09.2025<\/td><td>2. <a href=\"https:\/\/ubl-leinach.de\/ublog\/kleiner-rueckblick-auf-unser-2-buerger-bbq\/\">Bu(e)rger-BBQ<\/a> der UBL an der Julius-Echter-Kirche<\/td><\/tr><\/tbody><\/table><\/figure>\n\n\n\n<div class=\"wp-block-group\"><div class=\"wp-block-group__inner-container is-layout-flow wp-block-group-is-layout-flow\"><\/div><\/div>\n\n\n\n<p><\/p>\n","protected":false},"excerpt":{"rendered":"<p>Datum Ereignis 13.12.1995 Nominierungsversammlung im Gasthaus Lamm 27.02.1996 Wahlveranstaltung der UBL im Sportheim der Spvgg Leinach 05.03.1996 Wahlveranstaltung der UBL im Sch\u00fctzenhaus 10.03.1996 Kommunalwahl &#8211; die UBL erringt auf Anhieb zwei Gemeinderatspl\u00e4tze 20.11.1996 Antrag der UBL an die Gemeinde Leinach betreffend der Kontaktaufnahme zu einer Partnergemeinde in Frankreich 22.02.1997 Geburtstagsfeier der UBL im Sch\u00fctzenhaus 08.12.1997 [&hellip;]<\/p>\n","protected":false},"author":1,"featured_media":9407,"parent":0,"menu_order":0,"comment_status":"closed","ping_status":"closed","template":"","meta":{"ngg_post_thumbnail":0,"footnotes":""},"class_list":["post-1005","page","type-page","status-publish","has-post-thumbnail","hentry"],"_links":{"self":[{"href":"https:\/\/ubl-leinach.de\/ublog\/wp-json\/wp\/v2\/pages\/1005","targetHints":{"allow":["GET"]}}],"collection":[{"href":"https:\/\/ubl-leinach.de\/ublog\/wp-json\/wp\/v2\/pages"}],"about":[{"href":"https:\/\/ubl-leinach.de\/ublog\/wp-json\/wp\/v2\/types\/page"}],"author":[{"embeddable":true,"href":"https:\/\/ubl-leinach.de\/ublog\/wp-json\/wp\/v2\/users\/1"}],"replies":[{"embeddable":true,"href":"https:\/\/ubl-leinach.de\/ublog\/wp-json\/wp\/v2\/comments?post=1005"}],"version-history":[{"count":25,"href":"https:\/\/ubl-leinach.de\/ublog\/wp-json\/wp\/v2\/pages\/1005\/revisions"}],"predecessor-version":[{"id":9529,"href":"https:\/\/ubl-leinach.de\/ublog\/wp-json\/wp\/v2\/pages\/1005\/revisions\/9529"}],"wp:featuredmedia":[{"embeddable":true,"href":"https:\/\/ubl-leinach.de\/ublog\/wp-json\/wp\/v2\/media\/9407"}],"wp:attachment":[{"href":"https:\/\/ubl-leinach.de\/ublog\/wp-json\/wp\/v2\/media?parent=1005"}],"curies":[{"name":"wp","href":"https:\/\/api.w.org\/{rel}","templated":true}]}}