{"id":1109,"date":"2026-01-27T13:58:27","date_gmt":"2026-01-27T12:58:27","guid":{"rendered":"http:\/\/ubl-leinach.de\/ublog\/?page_id=1109"},"modified":"2026-01-30T11:05:50","modified_gmt":"2026-01-30T10:05:50","slug":"listenplatz-5-klaus-kuenzig","status":"publish","type":"page","link":"https:\/\/ubl-leinach.de\/ublog\/listenplatz-5-klaus-kuenzig\/","title":{"rendered":"Listenplatz 5: Klaus K\u00fcnzig"},"content":{"rendered":"\n<figure class=\"wp-block-table\"><table><tbody><tr><td class=\"has-text-align-center\" data-align=\"center\"><img loading=\"lazy\" decoding=\"async\" width=\"150\" height=\"212\" class=\"wp-image-9841\" style=\"width: 150px;\" src=\"https:\/\/ubl-leinach.de\/ublog\/wp-content\/uploads\/2026\/01\/Klaus-1.jpg\" alt=\"\" srcset=\"https:\/\/ubl-leinach.de\/ublog\/wp-content\/uploads\/2026\/01\/Klaus-1.jpg 850w, https:\/\/ubl-leinach.de\/ublog\/wp-content\/uploads\/2026\/01\/Klaus-1-213x300.jpg 213w, https:\/\/ubl-leinach.de\/ublog\/wp-content\/uploads\/2026\/01\/Klaus-1-510x720.jpg 510w, https:\/\/ubl-leinach.de\/ublog\/wp-content\/uploads\/2026\/01\/Klaus-1-768x1084.jpg 768w\" sizes=\"auto, (max-width: 150px) 100vw, 150px\" \/><\/td><td>50 Jahre, verheiratet, drei Kinder<br>NC-Programmierer<br>Nebenerwerbslandwirt<br>Industriemeister Metall<br>Gemeinderat<br>1. Vorsitzender der FF Unterleinach<br><a href=\"mailto:klaus@ubl-leinach.de\">klaus@ubl-leinach.de<\/a><\/td><\/tr><\/tbody><\/table><\/figure>\n\n\n\n<p><em>Besch\u00e4ftigt bei der Koenig&amp;Bauer Industrial Solution AG als NC-Programmierer in der Fertigungsvorbereitung. Seit 2003 bin ich 1. Vorsitzender der Freiwilligen Feuerwehr Unterleinach. Mitglied im Obst- und Gartenbauverein. Gemeinderat seit 2020.<\/em><\/p>\n\n\n\n<p><em>Der Erhalt unserer Kulturlandschaft und die damit verbundene Lebensqualit\u00e4t liegt mir als Nebenerwerbslandwirt besonders am Herzen. Anstrengungen zum Schutz unserer ausgedehnten Waldfl\u00e4chen m\u00fcssen mit Nachdruck verfolgt werden.<\/em><\/p>\n\n\n\n<p><em>Au\u00dferdem steht die Anziehungskraft unserer Altorte im Missverh\u00e4ltnis zur Sch\u00f6nheit unserer Au\u00dfenbereiche. Hier sehe ich Entwicklungsm\u00f6glichkeiten in der Liberalisierung unserer Gestaltungssatzung. Interessenten d\u00fcrfen nicht durch zu strenge Vorgaben gehemmt werden.<\/em><\/p>\n","protected":false},"excerpt":{"rendered":"<p>44 Jahre, verheiratet, drei Kinder<br \/>\nNC-Programmierer<br \/>\nNebenerwerbslandwirt<br \/>\nIndustriemeister Metall<br \/>\n1. Vorsitzender der FF Unterleinach <\/p>\n","protected":false},"author":1,"featured_media":0,"parent":0,"menu_order":0,"comment_status":"open","ping_status":"closed","template":"","meta":{"ngg_post_thumbnail":0,"footnotes":""},"class_list":["post-1109","page","type-page","status-publish","hentry"],"_links":{"self":[{"href":"https:\/\/ubl-leinach.de\/ublog\/wp-json\/wp\/v2\/pages\/1109","targetHints":{"allow":["GET"]}}],"collection":[{"href":"https:\/\/ubl-leinach.de\/ublog\/wp-json\/wp\/v2\/pages"}],"about":[{"href":"https:\/\/ubl-leinach.de\/ublog\/wp-json\/wp\/v2\/types\/page"}],"author":[{"embeddable":true,"href":"https:\/\/ubl-leinach.de\/ublog\/wp-json\/wp\/v2\/users\/1"}],"replies":[{"embeddable":true,"href":"https:\/\/ubl-leinach.de\/ublog\/wp-json\/wp\/v2\/comments?post=1109"}],"version-history":[{"count":14,"href":"https:\/\/ubl-leinach.de\/ublog\/wp-json\/wp\/v2\/pages\/1109\/revisions"}],"predecessor-version":[{"id":9893,"href":"https:\/\/ubl-leinach.de\/ublog\/wp-json\/wp\/v2\/pages\/1109\/revisions\/9893"}],"wp:attachment":[{"href":"https:\/\/ubl-leinach.de\/ublog\/wp-json\/wp\/v2\/media?parent=1109"}],"curies":[{"name":"wp","href":"https:\/\/api.w.org\/{rel}","templated":true}]}}