{"id":1243,"date":"2020-02-11T17:10:30","date_gmt":"2020-02-11T15:10:30","guid":{"rendered":"http:\/\/ubl-leinach.de\/ublog\/?page_id=1243"},"modified":"2020-02-28T15:50:12","modified_gmt":"2020-02-28T13:50:12","slug":"attraktivitaet-unserer-gemeinde","status":"publish","type":"page","link":"https:\/\/ubl-leinach.de\/ublog\/attraktivitaet-unserer-gemeinde\/","title":{"rendered":"Attraktivit\u00e4t unserer Gemeinde"},"content":{"rendered":"\n<ul class=\"wp-block-list\"><li>Erhaltung und Wiederherstellung von historischen Ortsbereichen<\/li><li>Intelligente Nutzung bestehender und neuer kommunaler F\u00f6rderprogramme<\/li><li>Verbesserung der Wohn- und Lebensqualit\u00e4t in den Altortbereichen<\/li><li>Wiederbelebung von Leerst\u00e4nden und Schlie\u00dfen von Baul\u00fccken<\/li><\/ul>\n\n\n\n<figure class=\"wp-block-image size-full is-resized\"><img decoding=\"async\" src=\"https:\/\/ubl-leinach.de\/ublog\/wp-content\/uploads\/2020\/02\/Attraktivit\u00e4t.png\" alt=\"\" class=\"wp-image-1244\" width=\"800\" srcset=\"https:\/\/ubl-leinach.de\/ublog\/wp-content\/uploads\/2020\/02\/Attraktivit\u00e4t.png 1280w, https:\/\/ubl-leinach.de\/ublog\/wp-content\/uploads\/2020\/02\/Attraktivit\u00e4t-600x375.png 600w, https:\/\/ubl-leinach.de\/ublog\/wp-content\/uploads\/2020\/02\/Attraktivit\u00e4t-300x188.png 300w, https:\/\/ubl-leinach.de\/ublog\/wp-content\/uploads\/2020\/02\/Attraktivit\u00e4t-510x319.png 510w, https:\/\/ubl-leinach.de\/ublog\/wp-content\/uploads\/2020\/02\/Attraktivit\u00e4t-768x480.png 768w, https:\/\/ubl-leinach.de\/ublog\/wp-content\/uploads\/2020\/02\/Attraktivit\u00e4t-945x591.png 945w\" sizes=\"(max-width: 1280px) 100vw, 1280px\" \/><\/figure>\n","protected":false},"excerpt":{"rendered":"<p>Erhaltung und Wiederherstellung von historischen Ortsbereichen Intelligente Nutzung bestehender und neuer kommunaler F\u00f6rderprogramme Verbesserung der Wohn- und Lebensqualit\u00e4t in den Altortbereichen Wiederbelebung von Leerst\u00e4nden und Schlie\u00dfen von Baul\u00fccken<\/p>\n","protected":false},"author":1,"featured_media":0,"parent":0,"menu_order":0,"comment_status":"open","ping_status":"closed","template":"","meta":{"ngg_post_thumbnail":0,"footnotes":""},"class_list":["post-1243","page","type-page","status-publish","hentry"],"_links":{"self":[{"href":"https:\/\/ubl-leinach.de\/ublog\/wp-json\/wp\/v2\/pages\/1243","targetHints":{"allow":["GET"]}}],"collection":[{"href":"https:\/\/ubl-leinach.de\/ublog\/wp-json\/wp\/v2\/pages"}],"about":[{"href":"https:\/\/ubl-leinach.de\/ublog\/wp-json\/wp\/v2\/types\/page"}],"author":[{"embeddable":true,"href":"https:\/\/ubl-leinach.de\/ublog\/wp-json\/wp\/v2\/users\/1"}],"replies":[{"embeddable":true,"href":"https:\/\/ubl-leinach.de\/ublog\/wp-json\/wp\/v2\/comments?post=1243"}],"version-history":[{"count":3,"href":"https:\/\/ubl-leinach.de\/ublog\/wp-json\/wp\/v2\/pages\/1243\/revisions"}],"predecessor-version":[{"id":1531,"href":"https:\/\/ubl-leinach.de\/ublog\/wp-json\/wp\/v2\/pages\/1243\/revisions\/1531"}],"wp:attachment":[{"href":"https:\/\/ubl-leinach.de\/ublog\/wp-json\/wp\/v2\/media?parent=1243"}],"curies":[{"name":"wp","href":"https:\/\/api.w.org\/{rel}","templated":true}]}}