{"id":1282,"date":"2020-02-27T14:00:02","date_gmt":"2020-02-27T12:00:02","guid":{"rendered":"http:\/\/ubl-leinach.de\/ublog\/?page_id=1282"},"modified":"2025-11-02T10:53:05","modified_gmt":"2025-11-02T09:53:05","slug":"listenplatz-1-arno-mager","status":"publish","type":"page","link":"https:\/\/ubl-leinach.de\/ublog\/listenplatz-1-arno-mager\/","title":{"rendered":"Unser B\u00fcrgermeister f\u00fcr Leinach &#8211; Arno Mager"},"content":{"rendered":"\n<figure class=\"wp-block-table\"><table><tbody><tr><td class=\"has-text-align-center\" data-align=\"center\"><img loading=\"lazy\" decoding=\"async\" width=\"150\" height=\"200\" class=\"wp-image-1033\" style=\"width: 150px;\" src=\"https:\/\/ubl-leinach.de\/ublog\/wp-content\/uploads\/2020\/01\/01_Arno_klein.jpg\" alt=\"\" srcset=\"https:\/\/ubl-leinach.de\/ublog\/wp-content\/uploads\/2020\/01\/01_Arno_klein.jpg 960w, https:\/\/ubl-leinach.de\/ublog\/wp-content\/uploads\/2020\/01\/01_Arno_klein-225x300.jpg 225w, https:\/\/ubl-leinach.de\/ublog\/wp-content\/uploads\/2020\/01\/01_Arno_klein-768x1024.jpg 768w, https:\/\/ubl-leinach.de\/ublog\/wp-content\/uploads\/2020\/01\/01_Arno_klein-510x680.jpg 510w, https:\/\/ubl-leinach.de\/ublog\/wp-content\/uploads\/2020\/01\/01_Arno_klein-600x800.jpg 600w, https:\/\/ubl-leinach.de\/ublog\/wp-content\/uploads\/2020\/01\/01_Arno_klein-945x1260.jpg 945w\" sizes=\"auto, (max-width: 150px) 100vw, 150px\" \/><\/td><td>59 Jahre, verheiratet<br>Dipl.-Ing. (FH) der elektrischen Energietechnik<br>B\u00fcrgermeister seit 2020<br>Gemeinderat seit 2014<br>3. Vorsitzender der UBL<\/td><\/tr><\/tbody><\/table><\/figure>\n\n\n\n<p><em>Nach Abitur und Studium der elektrischen Energietechnik Anstellung <\/em><em>bei der Stadtwerke W\u00fcrzburger AG, sp\u00e4ter Mainfranken Netze GmbH als Abteilungsleiter und Prokurist. Seit 2014 stellvertretender Betriebsleiter des M\u00fcllheizkraftwerkes W\u00fcrzburg.<\/em><\/p>\n\n\n\n<p><em>Von 2014 bis 2020<\/em> <em>Mitglied im Leinacher Gemeinderat sowie im Bau- und Rechnungspr\u00fcfungsausschuss. Ich stehe f\u00fcr eine Gemeinderatsarbeit mit Weitblick und werde mein Wissen insbesondere f\u00fcr die Verbesserung der Infrastruktur von Leinach sowie f\u00fcr die Herausforderungen des Klimawandels und des Klimaschutzes einsetzen.<\/em><\/p>\n\n\n\n<p class=\"has-text-align-center\"> <a href=\"https:\/\/ubl-leinach.de\/ublog\/?page_id=1183\">&#8212; Fragen, Anregungen, Anliegen an Arno Mager \u00fcbermitteln &#8212;<\/a> <\/p>\n\n\n\n<blockquote class=\"wp-block-quote is-layout-flow wp-block-quote-is-layout-flow\">\n<p> Als B\u00fcrgermeister werde ich es trotz der erfolgreichen Gemeinderatsarbeit der letzten Wahlperiode nicht einfach bei einem \u201eWeiter so\u201c belassen. Unser Ort braucht neue Impulse, muss strukturiert gef\u00fchrt und effizient verwaltet werden. Rein situationsbezogene Entscheidungen und alles unver\u00e4ndert weiter laufen zu lassen, reicht in der heutigen Zeit nicht mehr aus. <\/p>\n<\/blockquote>\n","protected":false},"excerpt":{"rendered":"<p>53 Jahre, verheiratet<br \/>\nDipl.-Ing. (FH) der elektrischen Energietechnik<br \/>\nstellvertretender Betriebsleiter des M\u00fcllheiz-<br \/>\nkraftwerkes bei der Stadtwerke W\u00fcrzburg AG<br \/>\nGemeinderat<br \/>\n3. Vorsitzender der UBL  <\/p>\n","protected":false},"author":1,"featured_media":0,"parent":0,"menu_order":0,"comment_status":"open","ping_status":"closed","template":"","meta":{"ngg_post_thumbnail":0,"footnotes":""},"class_list":["post-1282","page","type-page","status-publish","hentry"],"_links":{"self":[{"href":"https:\/\/ubl-leinach.de\/ublog\/wp-json\/wp\/v2\/pages\/1282","targetHints":{"allow":["GET"]}}],"collection":[{"href":"https:\/\/ubl-leinach.de\/ublog\/wp-json\/wp\/v2\/pages"}],"about":[{"href":"https:\/\/ubl-leinach.de\/ublog\/wp-json\/wp\/v2\/types\/page"}],"author":[{"embeddable":true,"href":"https:\/\/ubl-leinach.de\/ublog\/wp-json\/wp\/v2\/users\/1"}],"replies":[{"embeddable":true,"href":"https:\/\/ubl-leinach.de\/ublog\/wp-json\/wp\/v2\/comments?post=1282"}],"version-history":[{"count":12,"href":"https:\/\/ubl-leinach.de\/ublog\/wp-json\/wp\/v2\/pages\/1282\/revisions"}],"predecessor-version":[{"id":9564,"href":"https:\/\/ubl-leinach.de\/ublog\/wp-json\/wp\/v2\/pages\/1282\/revisions\/9564"}],"wp:attachment":[{"href":"https:\/\/ubl-leinach.de\/ublog\/wp-json\/wp\/v2\/media?parent=1282"}],"curies":[{"name":"wp","href":"https:\/\/api.w.org\/{rel}","templated":true}]}}