{"id":34,"date":"2011-09-28T13:23:30","date_gmt":"2011-09-28T13:23:30","guid":{"rendered":"http:\/\/ubl-leinach.de\/ublog\/?page_id=34"},"modified":"2020-02-11T22:28:57","modified_gmt":"2020-02-11T20:28:57","slug":"vorstandschaft","status":"publish","type":"page","link":"https:\/\/ubl-leinach.de\/ublog\/vorstandschaft\/","title":{"rendered":"Wahlprogramm"},"content":{"rendered":"<p>Das Team der <strong>Unabh\u00e4ngigen B\u00fcrger Leinach<\/strong>&nbsp;steht f\u00fcr:<\/p>\n<ul>\n<li>transparente, am Gemeinwohl orientierte Entscheidungen<\/li>\n<li>eine b\u00fcrgernahe Politik mit neuen Wegen und Ideen<\/li>\n<li>ein partnerschaftliches Miteinander und F\u00fcreinander<\/li>\n<li>gesellschaftliche Erfahrung und Kompetenz<\/li>\n<li>einen offenen, sachorientierten Umgang im Gemeinderat<\/li>\n<\/ul>\n<p><strong>Schwerpunkte<\/strong>&nbsp;der kommunalpolitischen Arbeit der UBL:<\/p>\n<ul>\n<li><a href=\"https:\/\/ubl-leinach.de\/ublog\/?page_id=1240\">Dorfentwicklung<\/a><\/li>\n<li><a href=\"https:\/\/ubl-leinach.de\/ublog\/?page_id=1243\">Erh\u00f6hung der Attraktivit\u00e4t unserer Gemeinde<\/a><\/li>\n<li><a href=\"https:\/\/ubl-leinach.de\/ublog\/?page_id=1246\">Sozialwesen<\/a><\/li>\n<li><a href=\"https:\/\/ubl-leinach.de\/ublog\/?page_id=1249\">Infrastrukturelle Entwicklung<\/a><\/li>\n<li><a href=\"_wp_link_placeholder\" data-wplink-edit=\"true\">Klima- und Umweltschutz<\/a><\/li>\n<li><a href=\"https:\/\/ubl-leinach.de\/ublog\/?page_id=1255\">solide Haushaltspolitik<\/a><\/li>\n<\/ul>\n<p><img loading=\"lazy\" decoding=\"async\" class=\"aligncenter wp-image-1235\" src=\"https:\/\/ubl-leinach.de\/ublog\/wp-content\/uploads\/2020\/02\/S\u00e4ulenmodell-510x381.jpg\" alt=\"\" width=\"800\" height=\"597\" srcset=\"https:\/\/ubl-leinach.de\/ublog\/wp-content\/uploads\/2020\/02\/S\u00e4ulenmodell-510x381.jpg 510w, https:\/\/ubl-leinach.de\/ublog\/wp-content\/uploads\/2020\/02\/S\u00e4ulenmodell-300x224.jpg 300w, https:\/\/ubl-leinach.de\/ublog\/wp-content\/uploads\/2020\/02\/S\u00e4ulenmodell-768x573.jpg 768w, https:\/\/ubl-leinach.de\/ublog\/wp-content\/uploads\/2020\/02\/S\u00e4ulenmodell-600x448.jpg 600w, https:\/\/ubl-leinach.de\/ublog\/wp-content\/uploads\/2020\/02\/S\u00e4ulenmodell-945x705.jpg 945w, https:\/\/ubl-leinach.de\/ublog\/wp-content\/uploads\/2020\/02\/S\u00e4ulenmodell.jpg 1422w\" sizes=\"auto, (max-width: 800px) 100vw, 800px\" \/><\/p>\n<p>Diese Punkte finden sich wieder in unserem S\u00e4ulenmodell. Demnach fu\u00dft eine erfolgreiche Ortspolitik auf einer geregelten Finanzbasis, die f\u00fcnf S\u00e4ulen tragen das Leitbild,&nbsp; woran s\u00e4mtliche Aktivit\u00e4ten und Entscheidungen der Verwaltung, des B\u00fcrgermeisters und des Gemeinderats auszurichten sind.<\/p>\n<p>Ein solches Leitbild, wie es bereits zahlreiche Gemeinden f\u00fcr sich aufgestellt haben, gilt es, in naher Zukunft zu entwickeln und&nbsp; bei Bedarf fortzuschreiben. Wir m\u00fcssen uns im Klaren sein, wo es in den kommenden Jahren und Jahrzehnten mit Leinach hingehen soll. Schlichtes Reagieren auf aufkommende Probleme reicht f\u00fcr einen erfolgreichen, l(i)ebenswerten Ort nicht aus. Daher ist mehr Aktion und eigenst\u00e4ndiges Handeln gefragt.<\/p>\n<p>Wir stehen f\u00fcr AKTION STATT REAKTION!<\/p>\n<p>Ferner setzen wir uns f\u00fcr mehr Transparenz und B\u00fcrgerbeteiligung ein. Entscheidungen des B\u00fcrgermeisters und des Gemeinderats m\u00fcssen f\u00fcr den B\u00fcrger nachvollziehbar sein, nur so kann Verst\u00e4ndnis auch f\u00fcr zun\u00e4chst scheinbar unpopul\u00e4re Entscheidungen geschaffen werden. Auch gilt es, die B\u00fcrgerinnen und B\u00fcrger bei entsprechenden Belangen fr\u00fchzeitig mit einzubeziehen und nicht \u00fcber deren Kopf hinweg einfach Fakten zu schaffen, die dann auf Unverst\u00e4ndnis sto\u00dfen. Offenheit und Menschlichkeit sind hierf\u00fcr unabdingbar.<\/p>\n","protected":false},"excerpt":{"rendered":"<p>Das Team der Unabh\u00e4ngigen B\u00fcrger Leinach&nbsp;steht f\u00fcr: transparente, am Gemeinwohl orientierte Entscheidungen eine b\u00fcrgernahe Politik mit neuen Wegen und Ideen ein partnerschaftliches Miteinander und F\u00fcreinander gesellschaftliche Erfahrung und Kompetenz einen offenen, sachorientierten Umgang im Gemeinderat Schwerpunkte&nbsp;der kommunalpolitischen Arbeit der UBL: Dorfentwicklung Erh\u00f6hung der Attraktivit\u00e4t unserer Gemeinde Sozialwesen Infrastrukturelle Entwicklung Klima- und Umweltschutz solide Haushaltspolitik Diese [&hellip;]<\/p>\n","protected":false},"author":1,"featured_media":1235,"parent":0,"menu_order":0,"comment_status":"open","ping_status":"open","template":"","meta":{"ngg_post_thumbnail":0,"footnotes":""},"class_list":["post-34","page","type-page","status-publish","has-post-thumbnail","hentry"],"_links":{"self":[{"href":"https:\/\/ubl-leinach.de\/ublog\/wp-json\/wp\/v2\/pages\/34","targetHints":{"allow":["GET"]}}],"collection":[{"href":"https:\/\/ubl-leinach.de\/ublog\/wp-json\/wp\/v2\/pages"}],"about":[{"href":"https:\/\/ubl-leinach.de\/ublog\/wp-json\/wp\/v2\/types\/page"}],"author":[{"embeddable":true,"href":"https:\/\/ubl-leinach.de\/ublog\/wp-json\/wp\/v2\/users\/1"}],"replies":[{"embeddable":true,"href":"https:\/\/ubl-leinach.de\/ublog\/wp-json\/wp\/v2\/comments?post=34"}],"version-history":[{"count":15,"href":"https:\/\/ubl-leinach.de\/ublog\/wp-json\/wp\/v2\/pages\/34\/revisions"}],"predecessor-version":[{"id":1324,"href":"https:\/\/ubl-leinach.de\/ublog\/wp-json\/wp\/v2\/pages\/34\/revisions\/1324"}],"wp:featuredmedia":[{"embeddable":true,"href":"https:\/\/ubl-leinach.de\/ublog\/wp-json\/wp\/v2\/media\/1235"}],"wp:attachment":[{"href":"https:\/\/ubl-leinach.de\/ublog\/wp-json\/wp\/v2\/media?parent=34"}],"curies":[{"name":"wp","href":"https:\/\/api.w.org\/{rel}","templated":true}]}}