{"id":37,"date":"2011-09-28T13:23:52","date_gmt":"2011-09-28T13:23:52","guid":{"rendered":"http:\/\/ubl-leinach.de\/ublog\/?page_id=37"},"modified":"2013-08-06T11:17:00","modified_gmt":"2013-08-06T09:17:00","slug":"mitglied-werden","status":"publish","type":"page","link":"https:\/\/ubl-leinach.de\/ublog\/mitglied-werden\/","title":{"rendered":"Mitglied werden"},"content":{"rendered":"<div><span class=\"Apple-style-span\" style=\"font-size: 16px; line-height: 24px;\">Wenn Sie Mitglied der Unabh\u00e4ngigen B\u00fcrger Leinach werden wollen, nutzen Sie hierf\u00fcr bitte die folgende Beitrittserkl\u00e4rung!<\/span><\/div>\n<div><a title=\"UBL-Beitrittserkl\u00e4rung\" href=\"http:\/\/www.ubl-leinach.de\/ublog\/pdf\/mitglied.pdf\" target=\"_blank\"><img decoding=\"async\" class=\"aligncenter\" alt=\"Mitgliedsantrag\" src=\"https:\/\/ubl-leinach.de\/ublog\/wp-content\/gallery\/mitglied.jpg\" \/><\/a><\/div>\n<div><span class=\"Apple-style-span\" style=\"font-size: 16px; line-height: 24px;\">Drucken Sie diese aus und lassen Sie uns das ausgef\u00fcllte Formular, gerne pers\u00f6nlich, zukommen!<\/span><\/div>\n<div><span style=\"font-size: small;\"><span class=\"Apple-style-span\" style=\"line-height: 24px;\"><br \/>\n<\/span><\/span><\/div>\n<p>Die Satzung der UBL finden sie\u00a0<a title=\"Satzung der UBL\" href=\"https:\/\/ubl-leinach.de\/ublog\/pdf\/Satzung.pdf\" target=\"_blank\">hier<\/a>.<\/p>\n<p>Sowohl zum Ausdrucken der Beitrittserkl\u00e4rung, wie auch zum Betrachten der Satzung der UBL,\u00a0ben\u00f6tigen sie den\u00a0<a title=\"Adobe Acrobat Reader herunterladen\" href=\"http:\/\/www.adobe.de\/products\/acrobat\/readstep2.html\" target=\"_blank\">Adobe Acrobat Reader<\/a>.<\/p>\n","protected":false},"excerpt":{"rendered":"<p>Wenn Sie Mitglied der Unabh\u00e4ngigen B\u00fcrger Leinach werden wollen, nutzen Sie hierf\u00fcr bitte die folgende Beitrittserkl\u00e4rung! Drucken Sie diese aus und lassen Sie uns das ausgef\u00fcllte Formular, gerne pers\u00f6nlich, zukommen! Die Satzung der UBL finden sie\u00a0hier. Sowohl zum Ausdrucken der Beitrittserkl\u00e4rung, wie auch zum Betrachten der Satzung der UBL,\u00a0ben\u00f6tigen sie den\u00a0Adobe Acrobat Reader.<\/p>\n","protected":false},"author":1,"featured_media":0,"parent":0,"menu_order":0,"comment_status":"open","ping_status":"open","template":"","meta":{"ngg_post_thumbnail":0,"footnotes":""},"class_list":["post-37","page","type-page","status-publish","hentry"],"_links":{"self":[{"href":"https:\/\/ubl-leinach.de\/ublog\/wp-json\/wp\/v2\/pages\/37","targetHints":{"allow":["GET"]}}],"collection":[{"href":"https:\/\/ubl-leinach.de\/ublog\/wp-json\/wp\/v2\/pages"}],"about":[{"href":"https:\/\/ubl-leinach.de\/ublog\/wp-json\/wp\/v2\/types\/page"}],"author":[{"embeddable":true,"href":"https:\/\/ubl-leinach.de\/ublog\/wp-json\/wp\/v2\/users\/1"}],"replies":[{"embeddable":true,"href":"https:\/\/ubl-leinach.de\/ublog\/wp-json\/wp\/v2\/comments?post=37"}],"version-history":[{"count":9,"href":"https:\/\/ubl-leinach.de\/ublog\/wp-json\/wp\/v2\/pages\/37\/revisions"}],"predecessor-version":[{"id":406,"href":"https:\/\/ubl-leinach.de\/ublog\/wp-json\/wp\/v2\/pages\/37\/revisions\/406"}],"wp:attachment":[{"href":"https:\/\/ubl-leinach.de\/ublog\/wp-json\/wp\/v2\/media?parent=37"}],"curies":[{"name":"wp","href":"https:\/\/api.w.org\/{rel}","templated":true}]}}